{"id":7406,"date":"2024-07-16T11:49:20","date_gmt":"2024-07-16T09:49:20","guid":{"rendered":"http:\/\/www.ferrisrl.it\/prodotto\/tsh-energy-power\/"},"modified":"2025-06-05T11:10:03","modified_gmt":"2025-06-05T09:10:03","slug":"tsh-energy-power","status":"publish","type":"product","link":"https:\/\/ferrisrl.it\/fr\/produit\/tsh-energy-power\/?countries=Italia","title":{"rendered":"TSH Energy &#8211; Power"},"content":{"rendered":"<p>Le mod\u00e8le TSH pr\u00e9sente plusieurs nouvelles caract\u00e9ristiques, en particulier dans le domaine de la s\u00e9curit\u00e9 de l&rsquo;op\u00e9rateur. Les efforts d&rsquo;innovation ont principalement port\u00e9 sur le ch\u00e2ssis, o\u00f9 le dispositif innovant et prim\u00e9 Reverse Safety a \u00e9t\u00e9 install\u00e9. Il fait partie de l&rsquo;\u00e9quipement standard et prot\u00e8ge le ch\u00e2ssis ou le bras de dommages dangereux dans le cas o\u00f9 un obstacle est heurt\u00e9 par inadvertance pendant que le tracteur recule, entra\u00eenant le basculement du bras vers l&rsquo;avant. Un syst\u00e8me de s\u00e9curit\u00e9 a \u00e9galement \u00e9t\u00e9 pr\u00e9vu de s\u00e9rie pour prot\u00e9ger le groupe de broyage contre les chocs pendant l&rsquo;avancement du tracteur. Pour plus de s\u00e9curit\u00e9, un avertissement sonore en cas de surchauffe de l&rsquo;huile du syst\u00e8me hydraulique a \u00e9galement \u00e9t\u00e9 pr\u00e9vu. Un dispositif de d\u00e9marrage progressif a \u00e9t\u00e9 ajout\u00e9 \u00e0 l&rsquo;\u00e9changeur de chaleur, qui, lorsqu&rsquo;il est appliqu\u00e9 au ventilateur, rend le fonctionnement plus doux et plus harmonieux. Le nouveau mod\u00e8le utilise des groupes de broyages de type TNH (entra\u00eenement direct) ou TNHC (entra\u00eenement par courroie), dont les ch\u00e2ssis sont renforc\u00e9s, notamment sur les c\u00f4t\u00e9s, avec du STRENX 700, tandis que la vo\u00fbte int\u00e9rieure, beaucoup plus sujette \u00e0 l&rsquo;usure, est renforc\u00e9e avec du Hardox 400, particuli\u00e8rement recommand\u00e9 pour ces utilisations lourdes et exigeantes.<\/p>\n","protected":false},"excerpt":{"rendered":"<p>Le mod\u00e8le TSH pr\u00e9sente plusieurs nouvelles caract\u00e9ristiques, en particulier dans le domaine de la s\u00e9curit\u00e9 de l&rsquo;op\u00e9rateur. Les efforts d&rsquo;innovation ont principalement port\u00e9 sur le ch\u00e2ssis, o\u00f9 le dispositif innovant et prim\u00e9 Reverse Safety a \u00e9t\u00e9 install\u00e9. Il fait partie de l&rsquo;\u00e9quipement standard et prot\u00e8ge le ch\u00e2ssis ou le bras de dommages dangereux dans le [&hellip;]<\/p>\n","protected":false},"featured_media":7407,"template":"","meta":{"_acf_changed":false,"inline_featured_image":false},"product_brand":[],"product_cat":[77],"product_tag":[],"class_list":{"0":"post-7406","1":"product","2":"type-product","3":"status-publish","4":"has-post-thumbnail","6":"product_cat-debroussailleuses-hydrauliques","8":"first","9":"instock","10":"shipping-taxable","11":"product-type-simple"},"acf":[],"_links":{"self":[{"href":"https:\/\/ferrisrl.it\/fr\/wp-json\/wp\/v2\/product\/7406","targetHints":{"allow":["GET"]}}],"collection":[{"href":"https:\/\/ferrisrl.it\/fr\/wp-json\/wp\/v2\/product"}],"about":[{"href":"https:\/\/ferrisrl.it\/fr\/wp-json\/wp\/v2\/types\/product"}],"wp:featuredmedia":[{"embeddable":true,"href":"https:\/\/ferrisrl.it\/fr\/wp-json\/wp\/v2\/media\/7407"}],"wp:attachment":[{"href":"https:\/\/ferrisrl.it\/fr\/wp-json\/wp\/v2\/media?parent=7406"}],"wp:term":[{"taxonomy":"product_brand","embeddable":true,"href":"https:\/\/ferrisrl.it\/fr\/wp-json\/wp\/v2\/product_brand?post=7406"},{"taxonomy":"product_cat","embeddable":true,"href":"https:\/\/ferrisrl.it\/fr\/wp-json\/wp\/v2\/product_cat?post=7406"},{"taxonomy":"product_tag","embeddable":true,"href":"https:\/\/ferrisrl.it\/fr\/wp-json\/wp\/v2\/product_tag?post=7406"}],"curies":[{"name":"wp","href":"https:\/\/api.w.org\/{rel}","templated":true}]}}