{"id":7633,"date":"2024-07-16T09:04:47","date_gmt":"2024-07-16T07:04:47","guid":{"rendered":"http:\/\/www.ferrisrl.it\/prodotto\/csp-150-energy\/"},"modified":"2025-06-08T23:42:59","modified_gmt":"2025-06-08T21:42:59","slug":"csp-150-energy","status":"publish","type":"product","link":"https:\/\/ferrisrl.it\/fr\/produit\/csp-150-energy\/?countries=Usa","title":{"rendered":"CSP 150 Energy"},"content":{"rendered":"<p>TAILLEUSE DE HAIES POUR D\u00c9BROUSSAILLEUSES \u00c9QUIP\u00c9E D&rsquo;UN SYST\u00c8ME HYDRAULIQUE \u00c0 ENGRENAGES<\/p>\n<p><strong>Compatible avec:<\/strong><br \/>\nD\u00e9broussailleuses de s\u00e9rie T, TM, TP et TSI<\/p>\n","protected":false},"excerpt":{"rendered":"<p>TAILLEUSE DE HAIES POUR D\u00c9BROUSSAILLEUSES \u00c9QUIP\u00c9E D&rsquo;UN SYST\u00c8ME HYDRAULIQUE \u00c0 ENGRENAGES Compatible avec: D\u00e9broussailleuses de s\u00e9rie T, TM, TP et TSI<\/p>\n","protected":false},"featured_media":7634,"template":"","meta":{"_acf_changed":false,"inline_featured_image":false},"product_brand":[],"product_cat":[84],"product_tag":[],"class_list":{"0":"post-7633","1":"product","2":"type-product","3":"status-publish","4":"has-post-thumbnail","6":"product_cat-accessoires-pour-debroussailleuses-hydrauliques","8":"first","9":"instock","10":"shipping-taxable","11":"product-type-simple"},"acf":[],"_links":{"self":[{"href":"https:\/\/ferrisrl.it\/fr\/wp-json\/wp\/v2\/product\/7633","targetHints":{"allow":["GET"]}}],"collection":[{"href":"https:\/\/ferrisrl.it\/fr\/wp-json\/wp\/v2\/product"}],"about":[{"href":"https:\/\/ferrisrl.it\/fr\/wp-json\/wp\/v2\/types\/product"}],"wp:featuredmedia":[{"embeddable":true,"href":"https:\/\/ferrisrl.it\/fr\/wp-json\/wp\/v2\/media\/7634"}],"wp:attachment":[{"href":"https:\/\/ferrisrl.it\/fr\/wp-json\/wp\/v2\/media?parent=7633"}],"wp:term":[{"taxonomy":"product_brand","embeddable":true,"href":"https:\/\/ferrisrl.it\/fr\/wp-json\/wp\/v2\/product_brand?post=7633"},{"taxonomy":"product_cat","embeddable":true,"href":"https:\/\/ferrisrl.it\/fr\/wp-json\/wp\/v2\/product_cat?post=7633"},{"taxonomy":"product_tag","embeddable":true,"href":"https:\/\/ferrisrl.it\/fr\/wp-json\/wp\/v2\/product_tag?post=7633"}],"curies":[{"name":"wp","href":"https:\/\/api.w.org\/{rel}","templated":true}]}}