{"id":7636,"date":"2024-07-16T09:04:47","date_gmt":"2024-07-16T07:04:47","guid":{"rendered":"http:\/\/www.ferrisrl.it\/prodotto\/se-300x\/"},"modified":"2025-06-08T23:45:57","modified_gmt":"2025-06-08T21:45:57","slug":"se-300x","status":"publish","type":"product","link":"https:\/\/ferrisrl.it\/fr\/produit\/se-300x\/?countries=Italia","title":{"rendered":"SE 300x"},"content":{"rendered":"<p>SOUFFLEUR<\/p>\n<p><strong>Caratteristiche:<\/strong><br \/>\nD\u00e9bit d\u2019air : 90 mc\/mn.<br \/>\nAspiration \u00f8 300 mm.<br \/>\nCorps aspirant \u00e0 7 h\u00e9lices<\/p>\n<p><strong>Compatible avec:<\/strong><br \/>\nD\u00e9broussailleuses de s\u00e9rie TP, TSI, TXV TSP, TSH, TKZ, TKD et TKP<\/p>\n","protected":false},"excerpt":{"rendered":"<p>SOUFFLEUR Caratteristiche: D\u00e9bit d\u2019air : 90 mc\/mn. Aspiration \u00f8 300 mm. Corps aspirant \u00e0 7 h\u00e9lices Compatible avec: D\u00e9broussailleuses de s\u00e9rie TP, TSI, TXV TSP, TSH, TKZ, TKD et TKP<\/p>\n","protected":false},"featured_media":7637,"template":"","meta":{"_acf_changed":false,"inline_featured_image":false},"product_brand":[],"product_cat":[84],"product_tag":[],"class_list":{"0":"post-7636","1":"product","2":"type-product","3":"status-publish","4":"has-post-thumbnail","6":"product_cat-accessoires-pour-debroussailleuses-hydrauliques","8":"first","9":"instock","10":"shipping-taxable","11":"product-type-simple"},"acf":[],"_links":{"self":[{"href":"https:\/\/ferrisrl.it\/fr\/wp-json\/wp\/v2\/product\/7636","targetHints":{"allow":["GET"]}}],"collection":[{"href":"https:\/\/ferrisrl.it\/fr\/wp-json\/wp\/v2\/product"}],"about":[{"href":"https:\/\/ferrisrl.it\/fr\/wp-json\/wp\/v2\/types\/product"}],"wp:featuredmedia":[{"embeddable":true,"href":"https:\/\/ferrisrl.it\/fr\/wp-json\/wp\/v2\/media\/7637"}],"wp:attachment":[{"href":"https:\/\/ferrisrl.it\/fr\/wp-json\/wp\/v2\/media?parent=7636"}],"wp:term":[{"taxonomy":"product_brand","embeddable":true,"href":"https:\/\/ferrisrl.it\/fr\/wp-json\/wp\/v2\/product_brand?post=7636"},{"taxonomy":"product_cat","embeddable":true,"href":"https:\/\/ferrisrl.it\/fr\/wp-json\/wp\/v2\/product_cat?post=7636"},{"taxonomy":"product_tag","embeddable":true,"href":"https:\/\/ferrisrl.it\/fr\/wp-json\/wp\/v2\/product_tag?post=7636"}],"curies":[{"name":"wp","href":"https:\/\/api.w.org\/{rel}","templated":true}]}}