{"id":7642,"date":"2024-07-16T09:04:47","date_gmt":"2024-07-16T07:04:47","guid":{"rendered":"http:\/\/www.ferrisrl.it\/prodotto\/tnh-125-ng-energy\/"},"modified":"2024-10-16T08:51:42","modified_gmt":"2024-10-16T06:51:42","slug":"tnh-125-ng-energy","status":"publish","type":"product","link":"https:\/\/ferrisrl.it\/fr\/produit\/tnh-125-ng-energy\/?countries=Italia","title":{"rendered":"TNH 125 NG Energy"},"content":{"rendered":"<p>GROUPES DE BROYAGE POUR D\u00c9BROUSSAILLEUSES HYDRAULIQUES A ENGRENAGES<\/p>\n<p><strong>Equipement:<\/strong><br \/>\nTransmission directe<br \/>\nMoteur hydraulique avec<br \/>\nengrenages bidirectionnels<br \/>\nen fonte.<br \/>\nR\u00e9versibilit\u00e9 de la rotation<br \/>\ndu rotor (DSR).<br \/>\nCh\u00e2ssis renforc\u00e9, c\u00f4t\u00e9s en STRENX 700, vo\u00fbte int\u00e9rieure renforc\u00e9e en HARDOX 400.<br \/>\nRotor \u201cOVERLAP\u00a0\u00bb \u00e0 double h\u00e9lice avec des couteaux qui se chevauchent.<\/p>\n<p><strong>Outils de coupe:<\/strong><br \/>\nCouteaux \u00e0 \u201cY \u201c pour pour herbe, buissons, cannes et petit bois<br \/>\nCouteaux \u00e0 manilles renforc\u00e9s pour herbe et buissons<br \/>\nMarteaux tournants bidirectionnel pour bois<\/p>\n<p><strong>Compatible avec:<\/strong><br \/>\nD\u00e9broussailleuses de s\u00e9rie TSP, TSH et TSF<\/p>\n","protected":false},"excerpt":{"rendered":"<p>GROUPES DE BROYAGE POUR D\u00c9BROUSSAILLEUSES HYDRAULIQUES A ENGRENAGES Equipement: Transmission directe Moteur hydraulique avec engrenages bidirectionnels en fonte. R\u00e9versibilit\u00e9 de la rotation du rotor (DSR). Ch\u00e2ssis renforc\u00e9, c\u00f4t\u00e9s en STRENX 700, vo\u00fbte int\u00e9rieure renforc\u00e9e en HARDOX 400. Rotor \u201cOVERLAP\u00a0\u00bb \u00e0 double h\u00e9lice avec des couteaux qui se chevauchent. Outils de coupe: Couteaux \u00e0 \u201cY \u201c [&hellip;]<\/p>\n","protected":false},"featured_media":6480,"template":"","meta":{"_acf_changed":false,"inline_featured_image":false},"product_brand":[],"product_cat":[83],"product_tag":[],"class_list":{"0":"post-7642","1":"product","2":"type-product","3":"status-publish","4":"has-post-thumbnail","6":"product_cat-groupes-de-broyage-pour-debroussailleuses-hydrauliques","8":"first","9":"instock","10":"shipping-taxable","11":"product-type-simple"},"acf":[],"_links":{"self":[{"href":"https:\/\/ferrisrl.it\/fr\/wp-json\/wp\/v2\/product\/7642","targetHints":{"allow":["GET"]}}],"collection":[{"href":"https:\/\/ferrisrl.it\/fr\/wp-json\/wp\/v2\/product"}],"about":[{"href":"https:\/\/ferrisrl.it\/fr\/wp-json\/wp\/v2\/types\/product"}],"wp:featuredmedia":[{"embeddable":true,"href":"https:\/\/ferrisrl.it\/fr\/wp-json\/wp\/v2\/media\/6480"}],"wp:attachment":[{"href":"https:\/\/ferrisrl.it\/fr\/wp-json\/wp\/v2\/media?parent=7642"}],"wp:term":[{"taxonomy":"product_brand","embeddable":true,"href":"https:\/\/ferrisrl.it\/fr\/wp-json\/wp\/v2\/product_brand?post=7642"},{"taxonomy":"product_cat","embeddable":true,"href":"https:\/\/ferrisrl.it\/fr\/wp-json\/wp\/v2\/product_cat?post=7642"},{"taxonomy":"product_tag","embeddable":true,"href":"https:\/\/ferrisrl.it\/fr\/wp-json\/wp\/v2\/product_tag?post=7642"}],"curies":[{"name":"wp","href":"https:\/\/api.w.org\/{rel}","templated":true}]}}