{"id":7648,"date":"2024-07-15T09:04:47","date_gmt":"2024-07-15T07:04:47","guid":{"rendered":"http:\/\/www.ferrisrl.it\/prodotto\/tme-60\/"},"modified":"2025-06-26T23:02:55","modified_gmt":"2025-06-26T21:02:55","slug":"tme-60","status":"publish","type":"product","link":"https:\/\/ferrisrl.it\/fr\/produit\/tme-60\/?countries=Italia","title":{"rendered":"TME 60"},"content":{"rendered":"<p>GROUPES DE BROYAGE POUR D\u00c9BROUSSAILLEUSES HYDRAULIQUES A ENGRENAGES<\/p>\n<p><strong>\u00c9quipement:<\/strong><br \/>\nTransmission directe<br \/>\nMoteur hydraulique avec<br \/>\nengrenages bidirectionnels<br \/>\nen aluminium.<br \/>\nR\u00e9versibilit\u00e9 de la rotation<br \/>\ndu rotor (DSR).<br \/>\nT\u00f4le de blindage interne<\/p>\n<p><strong>Outils de coupe:<\/strong><br \/>\nCouteaux manilles pour herbe et buissons<\/p>\n<p>Compatible avec:<br \/>\nD\u00e9broussailleuses de s\u00e9rie T<\/p>\n","protected":false},"excerpt":{"rendered":"<p>GROUPES DE BROYAGE POUR D\u00c9BROUSSAILLEUSES HYDRAULIQUES A ENGRENAGES \u00c9quipement: Transmission directe Moteur hydraulique avec engrenages bidirectionnels en aluminium. R\u00e9versibilit\u00e9 de la rotation du rotor (DSR). T\u00f4le de blindage interne Outils de coupe: Couteaux manilles pour herbe et buissons Compatible avec: D\u00e9broussailleuses de s\u00e9rie T<\/p>\n","protected":false},"featured_media":6407,"template":"","meta":{"_acf_changed":false,"inline_featured_image":false},"product_brand":[],"product_cat":[83],"product_tag":[],"class_list":{"0":"post-7648","1":"product","2":"type-product","3":"status-publish","4":"has-post-thumbnail","6":"product_cat-groupes-de-broyage-pour-debroussailleuses-hydrauliques","8":"first","9":"instock","10":"shipping-taxable","11":"product-type-simple"},"acf":[],"_links":{"self":[{"href":"https:\/\/ferrisrl.it\/fr\/wp-json\/wp\/v2\/product\/7648","targetHints":{"allow":["GET"]}}],"collection":[{"href":"https:\/\/ferrisrl.it\/fr\/wp-json\/wp\/v2\/product"}],"about":[{"href":"https:\/\/ferrisrl.it\/fr\/wp-json\/wp\/v2\/types\/product"}],"wp:featuredmedia":[{"embeddable":true,"href":"https:\/\/ferrisrl.it\/fr\/wp-json\/wp\/v2\/media\/6407"}],"wp:attachment":[{"href":"https:\/\/ferrisrl.it\/fr\/wp-json\/wp\/v2\/media?parent=7648"}],"wp:term":[{"taxonomy":"product_brand","embeddable":true,"href":"https:\/\/ferrisrl.it\/fr\/wp-json\/wp\/v2\/product_brand?post=7648"},{"taxonomy":"product_cat","embeddable":true,"href":"https:\/\/ferrisrl.it\/fr\/wp-json\/wp\/v2\/product_cat?post=7648"},{"taxonomy":"product_tag","embeddable":true,"href":"https:\/\/ferrisrl.it\/fr\/wp-json\/wp\/v2\/product_tag?post=7648"}],"curies":[{"name":"wp","href":"https:\/\/api.w.org\/{rel}","templated":true}]}}