{"id":7654,"date":"2024-07-15T09:04:47","date_gmt":"2024-07-15T07:04:47","guid":{"rendered":"http:\/\/www.ferrisrl.it\/prodotto\/ti-120-energy\/"},"modified":"2025-06-08T23:54:40","modified_gmt":"2025-06-08T21:54:40","slug":"ti-120-energy","status":"publish","type":"product","link":"https:\/\/ferrisrl.it\/fr\/produit\/ti-120-energy\/?countries=Usa","title":{"rendered":"TI 120 Energy"},"content":{"rendered":"<p>GROUPES DE BROYAGE POUR D\u00c9BROUSSAILLEUSES HYDRAULIQUES A ENGRENAGES<\/p>\n<p><strong>\u00c9quipement:<\/strong><br \/>\nTransmission directe<br \/>\nMoteur hydraulique avec<br \/>\nengrenages bidirectionnels<br \/>\nen aluminium.<br \/>\nR\u00e9versibilit\u00e9 de la rotation<br \/>\ndu rotor (DSR).<br \/>\nT\u00f4le de blindage interne<br \/>\nProtection avant et arri\u00e8re en toile de caoutchouc renforc\u00e9e r\u00e9sistante \u00e0 l\u2019abrasion<\/p>\n<p><strong>Outils de coupe:<\/strong><br \/>\nCouteaux \u00abY\u00bb pour herbe, buissons, cannes et petit bois<br \/>\nMarteaux pour bois<br \/>\nCouteaux manilles pour herbe et buissons<\/p>\n<p><strong>Compatible avec:<\/strong><br \/>\nD\u00e9broussailleuses de s\u00e9rie T, TP et TST<\/p>\n","protected":false},"excerpt":{"rendered":"<p>GROUPES DE BROYAGE POUR D\u00c9BROUSSAILLEUSES HYDRAULIQUES A ENGRENAGES \u00c9quipement: Transmission directe Moteur hydraulique avec engrenages bidirectionnels en aluminium. R\u00e9versibilit\u00e9 de la rotation du rotor (DSR). T\u00f4le de blindage interne Protection avant et arri\u00e8re en toile de caoutchouc renforc\u00e9e r\u00e9sistante \u00e0 l\u2019abrasion Outils de coupe: Couteaux \u00abY\u00bb pour herbe, buissons, cannes et petit bois Marteaux pour [&hellip;]<\/p>\n","protected":false},"featured_media":7655,"template":"","meta":{"_acf_changed":false,"inline_featured_image":false},"product_brand":[],"product_cat":[83],"product_tag":[],"class_list":{"0":"post-7654","1":"product","2":"type-product","3":"status-publish","4":"has-post-thumbnail","6":"product_cat-groupes-de-broyage-pour-debroussailleuses-hydrauliques","8":"first","9":"instock","10":"shipping-taxable","11":"product-type-simple"},"acf":[],"_links":{"self":[{"href":"https:\/\/ferrisrl.it\/fr\/wp-json\/wp\/v2\/product\/7654","targetHints":{"allow":["GET"]}}],"collection":[{"href":"https:\/\/ferrisrl.it\/fr\/wp-json\/wp\/v2\/product"}],"about":[{"href":"https:\/\/ferrisrl.it\/fr\/wp-json\/wp\/v2\/types\/product"}],"wp:featuredmedia":[{"embeddable":true,"href":"https:\/\/ferrisrl.it\/fr\/wp-json\/wp\/v2\/media\/7655"}],"wp:attachment":[{"href":"https:\/\/ferrisrl.it\/fr\/wp-json\/wp\/v2\/media?parent=7654"}],"wp:term":[{"taxonomy":"product_brand","embeddable":true,"href":"https:\/\/ferrisrl.it\/fr\/wp-json\/wp\/v2\/product_brand?post=7654"},{"taxonomy":"product_cat","embeddable":true,"href":"https:\/\/ferrisrl.it\/fr\/wp-json\/wp\/v2\/product_cat?post=7654"},{"taxonomy":"product_tag","embeddable":true,"href":"https:\/\/ferrisrl.it\/fr\/wp-json\/wp\/v2\/product_tag?post=7654"}],"curies":[{"name":"wp","href":"https:\/\/api.w.org\/{rel}","templated":true}]}}