{"id":7664,"date":"2024-10-16T10:14:35","date_gmt":"2024-10-16T08:14:35","guid":{"rendered":"http:\/\/www.ferrisrl.it\/prodotto\/tni-125-energy\/"},"modified":"2024-10-16T10:20:26","modified_gmt":"2024-10-16T08:20:26","slug":"tni-125-energy","status":"publish","type":"product","link":"https:\/\/ferrisrl.it\/fr\/produit\/tni-125-energy\/?countries=Italia","title":{"rendered":"TNI 125 Energy"},"content":{"rendered":"<p>GROUPES DE BROYAGE POUR D\u00c9BROUSSAILLEUSES HYDRAULIQUES A ENGRENAGES<\/p>\n<p><strong>\u00c9quipement:<\/strong><br \/>\nTransmission directe<br \/>\nMoteur hydraulique avec<br \/>\nengrenages bidirectionnels<br \/>\nen fonte.<br \/>\nR\u00e9versibilit\u00e9 de la rotation<br \/>\ndu rotor (DSR).<br \/>\nT\u00f4le de blindage en Domex\u00ae.<br \/>\nRotor avec disques d\u2019\u00e9quilibrage.<\/p>\n<p><strong>Outils de coupe:<\/strong><br \/>\nCouteaux \u00e0 \u201cY \u201c pour pour herbe, buissons, cannes et petit bois<br \/>\nCouteaux \u00e0 manilles renforc\u00e9s pour herbe et buissons<br \/>\nMarteaux tournants pour bois et branchage<\/p>\n<p><strong>Compatible avec:<\/strong><br \/>\nD\u00e9broussailleuses de s\u00e9rie TSI<\/p>\n","protected":false},"excerpt":{"rendered":"<p>GROUPES DE BROYAGE POUR D\u00c9BROUSSAILLEUSES HYDRAULIQUES A ENGRENAGES \u00c9quipement: Transmission directe Moteur hydraulique avec engrenages bidirectionnels en fonte. R\u00e9versibilit\u00e9 de la rotation du rotor (DSR). T\u00f4le de blindage en Domex\u00ae. Rotor avec disques d\u2019\u00e9quilibrage. Outils de coupe: Couteaux \u00e0 \u201cY \u201c pour pour herbe, buissons, cannes et petit bois Couteaux \u00e0 manilles renforc\u00e9s pour herbe [&hellip;]<\/p>\n","protected":false},"featured_media":6460,"template":"","meta":{"_acf_changed":false,"inline_featured_image":false},"product_brand":[],"product_cat":[83],"product_tag":[],"class_list":{"0":"post-7664","1":"product","2":"type-product","3":"status-publish","4":"has-post-thumbnail","6":"product_cat-groupes-de-broyage-pour-debroussailleuses-hydrauliques","8":"first","9":"instock","10":"shipping-taxable","11":"product-type-simple"},"acf":[],"_links":{"self":[{"href":"https:\/\/ferrisrl.it\/fr\/wp-json\/wp\/v2\/product\/7664","targetHints":{"allow":["GET"]}}],"collection":[{"href":"https:\/\/ferrisrl.it\/fr\/wp-json\/wp\/v2\/product"}],"about":[{"href":"https:\/\/ferrisrl.it\/fr\/wp-json\/wp\/v2\/types\/product"}],"wp:featuredmedia":[{"embeddable":true,"href":"https:\/\/ferrisrl.it\/fr\/wp-json\/wp\/v2\/media\/6460"}],"wp:attachment":[{"href":"https:\/\/ferrisrl.it\/fr\/wp-json\/wp\/v2\/media?parent=7664"}],"wp:term":[{"taxonomy":"product_brand","embeddable":true,"href":"https:\/\/ferrisrl.it\/fr\/wp-json\/wp\/v2\/product_brand?post=7664"},{"taxonomy":"product_cat","embeddable":true,"href":"https:\/\/ferrisrl.it\/fr\/wp-json\/wp\/v2\/product_cat?post=7664"},{"taxonomy":"product_tag","embeddable":true,"href":"https:\/\/ferrisrl.it\/fr\/wp-json\/wp\/v2\/product_tag?post=7664"}],"curies":[{"name":"wp","href":"https:\/\/api.w.org\/{rel}","templated":true}]}}