{"id":7669,"date":"2024-07-16T09:04:47","date_gmt":"2024-07-16T07:04:47","guid":{"rendered":"http:\/\/www.ferrisrl.it\/prodotto\/tnp-125-ng-power\/"},"modified":"2025-06-08T23:52:39","modified_gmt":"2025-06-08T21:52:39","slug":"tnp-125-ng-power","status":"publish","type":"product","link":"https:\/\/ferrisrl.it\/fr\/produit\/tnp-125-ng-power\/?countries=italia","title":{"rendered":"TNP 125 NG Power"},"content":{"rendered":"<p>GROUPES DE BROYAGE POUR D\u00c9BROUSSAILLEUSES HYDRAULIQUES A PISTONS<\/p>\n<p><strong>\u00c9quipement:<\/strong><br \/>\nTransmission \u00e0 courroie crant\u00e9e unique<br \/>\nMoteur hydraulique \u00e0 pistons bidirectionnels en fonte.<br \/>\nR\u00e9versibilit\u00e9 de la rotation du rotor (DSR).<br \/>\nT\u00f4le de blindage interne<br \/>\nRotor \u201cOVERLAP\u00a0\u00bb \u00e0 double h\u00e9lice avec des couteaux qui se chevauchent.<\/p>\n<p><strong>Outils de coupe:<\/strong><br \/>\nCouteaux \u00e0 \u201cY \u201c pour pour herbe, buissons, cannes et petit bois<br \/>\nCouteaux \u00e0 manilles renforc\u00e9s pour herbe et buissons<br \/>\nMarteaux tournants bidirectionnel pour bois<\/p>\n<p><strong>Compatible avec:<\/strong><br \/>\nD\u00e9broussailleuses de s\u00e9rie TKD et TKP<\/p>\n","protected":false},"excerpt":{"rendered":"<p>GROUPES DE BROYAGE POUR D\u00c9BROUSSAILLEUSES HYDRAULIQUES A PISTONS \u00c9quipement: Transmission \u00e0 courroie crant\u00e9e unique Moteur hydraulique \u00e0 pistons bidirectionnels en fonte. R\u00e9versibilit\u00e9 de la rotation du rotor (DSR). T\u00f4le de blindage interne Rotor \u201cOVERLAP\u00a0\u00bb \u00e0 double h\u00e9lice avec des couteaux qui se chevauchent. Outils de coupe: Couteaux \u00e0 \u201cY \u201c pour pour herbe, buissons, cannes [&hellip;]<\/p>\n","protected":false},"featured_media":6495,"template":"","meta":{"_acf_changed":false,"inline_featured_image":false},"product_brand":[],"product_cat":[83],"product_tag":[],"class_list":{"0":"post-7669","1":"product","2":"type-product","3":"status-publish","4":"has-post-thumbnail","6":"product_cat-groupes-de-broyage-pour-debroussailleuses-hydrauliques","8":"first","9":"instock","10":"shipping-taxable","11":"product-type-simple"},"acf":[],"_links":{"self":[{"href":"https:\/\/ferrisrl.it\/fr\/wp-json\/wp\/v2\/product\/7669","targetHints":{"allow":["GET"]}}],"collection":[{"href":"https:\/\/ferrisrl.it\/fr\/wp-json\/wp\/v2\/product"}],"about":[{"href":"https:\/\/ferrisrl.it\/fr\/wp-json\/wp\/v2\/types\/product"}],"wp:featuredmedia":[{"embeddable":true,"href":"https:\/\/ferrisrl.it\/fr\/wp-json\/wp\/v2\/media\/6495"}],"wp:attachment":[{"href":"https:\/\/ferrisrl.it\/fr\/wp-json\/wp\/v2\/media?parent=7669"}],"wp:term":[{"taxonomy":"product_brand","embeddable":true,"href":"https:\/\/ferrisrl.it\/fr\/wp-json\/wp\/v2\/product_brand?post=7669"},{"taxonomy":"product_cat","embeddable":true,"href":"https:\/\/ferrisrl.it\/fr\/wp-json\/wp\/v2\/product_cat?post=7669"},{"taxonomy":"product_tag","embeddable":true,"href":"https:\/\/ferrisrl.it\/fr\/wp-json\/wp\/v2\/product_tag?post=7669"}],"curies":[{"name":"wp","href":"https:\/\/api.w.org\/{rel}","templated":true}]}}